{"id":3233,"date":"2017-07-29T14:04:33","date_gmt":"2017-07-29T13:04:33","guid":{"rendered":"http:\/\/ndemario.com\/spanish\/?page_id=3233"},"modified":"2021-04-17T12:08:24","modified_gmt":"2021-04-17T11:08:24","slug":"contact-3","status":"publish","type":"page","link":"http:\/\/ndemario.com\/spanish\/contact-3\/","title":{"rendered":"CONTACTO"},"content":{"rendered":"[vc_row type=&#8221;full_width_content&#8221; full_screen_row_position=&#8221;top&#8221; scene_position=&#8221;top&#8221; mouse_sensitivity=&#8221;10&#8243; text_color=&#8221;dark&#8221; text_align=&#8221;left&#8221; bottom_padding=&#8221;3.5%&#8221; overlay_strength=&#8221;0.3&#8243;][vc_column column_padding=&#8221;no-extra-padding&#8221; column_padding_position=&#8221;all&#8221; background_color_opacity=&#8221;1&#8243; background_hover_color_opacity=&#8221;1&#8243; column_shadow=&#8221;none&#8221; width=&#8221;1\/1&#8243; tablet_text_alignment=&#8221;default&#8221; phone_text_alignment=&#8221;default&#8221; column_border_width=&#8221;none&#8221; column_border_style=&#8221;solid&#8221;][rev_slider_vc alias=&#8221;contact&#8221;][\/vc_column][\/vc_row][vc_row type=&#8221;in_container&#8221; full_screen_row_position=&#8221;middle&#8221; equal_height=&#8221;yes&#8221; content_placement=&#8221;top&#8221; scene_position=&#8221;center&#8221; text_color=&#8221;dark&#8221; text_align=&#8221;left&#8221; overlay_strength=&#8221;0.3&#8243;][vc_column column_padding=&#8221;no-extra-padding&#8221; column_padding_position=&#8221;all&#8221; background_color_opacity=&#8221;1&#8243; background_hover_color_opacity=&#8221;1&#8243; column_shadow=&#8221;none&#8221; width=&#8221;1\/2&#8243; tablet_text_alignment=&#8221;default&#8221; phone_text_alignment=&#8221;default&#8221; column_border_width=&#8221;none&#8221; column_border_style=&#8221;solid&#8221;]<div class=\"iwithtext\"><div class=\"iwt-icon\"> <i class=\"icon-default-style icon-envelope-alt accent-color\"><\/i> <\/div><div class=\"iwt-text\"> <strong>Si desea ponerse en contacto con nosotros llame a nuestro equipo de Atenci\u00f3n al cliente al +44 (0) 208 732 5427 o env\u00edenos un correo electr\u00f3nico a <a href=\"mailto:info@ndemario.com\">info at ndemario.com<\/a>.<\/strong><\/p>\n<p><strong>Nuestro equipo de Atenci\u00f3n al cliente est\u00e1 disponible de lunes a viernes, de 8:30 a 17:30.<\/strong><\/p>\n<p>N DE MARIO &amp; MARIO LTD.<br \/>\nThe Old Bank<br \/>\n153 The Parade, High Street,<br \/>\nWatford, WD17 1NA,<br \/>\nReino Unido<\/p>\n<p>Otras informaciones:<br \/>\nIVA: GB 245908681<br \/>\nN\u00famero de registro de la empresa: 9892891 <\/div><div class=\"clear\"><\/div><\/div>[\/vc_column][vc_column column_padding=&#8221;no-extra-padding&#8221; column_padding_position=&#8221;all&#8221; background_color_opacity=&#8221;1&#8243; background_hover_color_opacity=&#8221;1&#8243; column_shadow=&#8221;none&#8221; width=&#8221;1\/2&#8243; tablet_text_alignment=&#8221;default&#8221; phone_text_alignment=&#8221;default&#8221; column_border_width=&#8221;none&#8221; column_border_style=&#8221;solid&#8221;]<div role=\"form\" class=\"wpcf7\" id=\"wpcf7-f37-o1\" lang=\"en-GB\" dir=\"ltr\">\n<div class=\"screen-reader-response\"><p role=\"status\" aria-live=\"polite\" aria-atomic=\"true\"><\/p> <ul><\/ul><\/div>\n<form action=\"\/spanish\/wp-json\/wp\/v2\/pages\/3233#wpcf7-f37-o1\" method=\"post\" class=\"wpcf7-form init\" novalidate=\"novalidate\" data-status=\"init\">\n<div style=\"display: none;\">\n<input type=\"hidden\" name=\"_wpcf7\" value=\"37\" \/>\n<input type=\"hidden\" name=\"_wpcf7_version\" value=\"5.4.2\" \/>\n<input type=\"hidden\" name=\"_wpcf7_locale\" value=\"en_GB\" \/>\n<input type=\"hidden\" name=\"_wpcf7_unit_tag\" value=\"wpcf7-f37-o1\" \/>\n<input type=\"hidden\" name=\"_wpcf7_container_post\" value=\"0\" \/>\n<input type=\"hidden\" name=\"_wpcf7_posted_data_hash\" value=\"\" \/>\n<\/div>\n<p><label> Su nombre (necesario)<br \/>\n    <span class=\"wpcf7-form-control-wrap your-name\"><input type=\"text\" name=\"your-name\" value=\"\" size=\"40\" class=\"wpcf7-form-control wpcf7-text wpcf7-validates-as-required\" aria-required=\"true\" aria-invalid=\"false\" \/><\/span> <\/label><\/p>\n<p><label> Nombre de su empresa (necesario)<br \/>\n    <span class=\"wpcf7-form-control-wrap your-business\"><input type=\"text\" name=\"your-business\" value=\"\" size=\"40\" class=\"wpcf7-form-control wpcf7-text wpcf7-validates-as-required\" aria-required=\"true\" aria-invalid=\"false\" \/><\/span> <\/label><\/p>\n<p><label> Direcci\u00f3n de su empresa<br \/>\n    <span class=\"wpcf7-form-control-wrap your-message\"><textarea name=\"your-message\" cols=\"40\" rows=\"10\" class=\"wpcf7-form-control wpcf7-textarea\" aria-invalid=\"false\"><\/textarea><\/span> <\/label><\/p>\n<p><label> Correo electr\u00f3nico (necesario)<br \/>\n    <span class=\"wpcf7-form-control-wrap your-email\"><input type=\"email\" name=\"your-email\" value=\"\" size=\"40\" class=\"wpcf7-form-control wpcf7-text wpcf7-email wpcf7-validates-as-required wpcf7-validates-as-email\" aria-required=\"true\" aria-invalid=\"false\" \/><\/span> <\/label><\/p>\n<p><label> Tel\u00e9fono (necesario)<br \/>\n    <span class=\"wpcf7-form-control-wrap Tel\"><input type=\"tel\" name=\"Tel\" value=\"\" size=\"40\" class=\"wpcf7-form-control wpcf7-text wpcf7-tel wpcf7-validates-as-required wpcf7-validates-as-tel\" aria-required=\"true\" aria-invalid=\"false\" \/><\/span> <\/label><\/p>\n<p><label> Consulta<span class=\"wpcf7-form-control-wrap Query\"><textarea name=\"Query\" cols=\"40\" rows=\"10\" class=\"wpcf7-form-control wpcf7-textarea wpcf7-validates-as-required\" aria-required=\"true\" aria-invalid=\"false\"><\/textarea><\/span><\/label><\/p>\n<p><input type=\"submit\" value=\"Enviar\" class=\"wpcf7-form-control wpcf7-submit\" \/><\/p>\n<div class=\"wpcf7-response-output\" aria-hidden=\"true\"><\/div><\/form><\/div>[\/vc_column][\/vc_row][vc_row type=&#8221;full_width_content&#8221; full_screen_row_position=&#8221;middle&#8221; scene_position=&#8221;center&#8221; text_color=&#8221;dark&#8221; text_align=&#8221;left&#8221; overlay_strength=&#8221;0.3&#8243;][vc_column column_padding=&#8221;no-extra-padding&#8221; column_padding_position=&#8221;all&#8221; background_color_opacity=&#8221;1&#8243; background_hover_color_opacity=&#8221;1&#8243; column_shadow=&#8221;none&#8221; width=&#8221;1\/1&#8243; tablet_text_alignment=&#8221;default&#8221; phone_text_alignment=&#8221;default&#8221; column_border_width=&#8221;none&#8221; column_border_style=&#8221;solid&#8221;][vc_row_inner column_margin=&#8221;default&#8221; text_align=&#8221;left&#8221;][vc_column_inner column_padding=&#8221;no-extra-padding&#8221; column_padding_position=&#8221;all&#8221; background_color_opacity=&#8221;1&#8243; width=&#8221;1\/1&#8243; column_border_width=&#8221;none&#8221; column_border_style=&#8221;solid&#8221;][vc_column_text]<iframe loading=\"lazy\" style=\"border: 0;\" src=\"https:\/\/www.google.com\/maps\/embed?pb=!1m18!1m12!1m3!1d9900.08513874489!2d-0.4097350362287226!3d51.65944668133822!2m3!1f0!2f0!3f0!3m2!1i1024!2i768!4f13.1!3m3!1m2!1s0x48766ac03665525d%3A0x9351df192eb6058f!2sThe+Parade%2C+High+St%2C+Watford+WD17+1NA!5e0!3m2!1sen!2suk!4v1547555568898\" width=\"100%\" height=\"450\" frameborder=\"0\" allowfullscreen=\"allowfullscreen\"><\/iframe>[\/vc_column_text][\/vc_column_inner][\/vc_row_inner][\/vc_column][\/vc_row][vc_row type=&#8221;in_container&#8221; full_screen_row_position=&#8221;middle&#8221; scene_position=&#8221;center&#8221; text_color=&#8221;dark&#8221; text_align=&#8221;left&#8221; overlay_strength=&#8221;0.3&#8243;][vc_column centered_text=&#8221;true&#8221; column_padding=&#8221;no-extra-padding&#8221; column_padding_position=&#8221;all&#8221; background_color_opacity=&#8221;1&#8243; background_hover_color_opacity=&#8221;1&#8243; column_shadow=&#8221;none&#8221; width=&#8221;1\/1&#8243; tablet_text_alignment=&#8221;default&#8221; phone_text_alignment=&#8221;default&#8221; column_border_width=&#8221;none&#8221; column_border_style=&#8221;solid&#8221;][vc_row_inner content_placement=&#8221;bottom&#8221; column_margin=&#8221;default&#8221; top_padding=&#8221;6%&#8221; bottom_padding=&#8221;0%&#8221; text_align=&#8221;left&#8221;][vc_column_inner enable_animation=&#8221;true&#8221; animation=&#8221;grow-in&#8221; column_padding=&#8221;no-extra-padding&#8221; column_padding_position=&#8221;all&#8221; background_color_opacity=&#8221;1&#8243; width=&#8221;1\/3&#8243; column_border_width=&#8221;none&#8221; column_border_style=&#8221;solid&#8221;]<div class=\"team-member\" data-style=\"meta_overlaid\"><div class=\"team-member-overlay\"><\/div><a href=\"http:\/\/ndemario.com\/spanish\/named-patient-supply\/\"><\/a> <div class=\"team-member-image\" style=\"background-image: url(http:\/\/ndemario.com\/spanish\/wp-content\/uploads\/2017\/08\/named-patient-supply_2-600x403.jpg);\"><\/div><div class=\"team-meta\"><h3>SUMINISTRO DE MEDICAMENTOS A PACIENTES ESPEC\u00cdFICOS<\/h3><p><p><\/div><\/div>[\/vc_column_inner][vc_column_inner enable_animation=&#8221;true&#8221; animation=&#8221;grow-in&#8221; column_padding=&#8221;no-extra-padding&#8221; column_padding_position=&#8221;all&#8221; background_color_opacity=&#8221;1&#8243; width=&#8221;1\/3&#8243; column_border_width=&#8221;none&#8221; column_border_style=&#8221;solid&#8221;]<div class=\"team-member\" data-style=\"meta_overlaid\"><div class=\"team-member-overlay\"><\/div><a href=\"http:\/\/ndemario.com\/spanish\/product-registration\/\"><\/a> <div class=\"team-member-image\" style=\"background-image: url(http:\/\/ndemario.com\/spanish\/wp-content\/uploads\/2017\/08\/product_2-600x403.jpg);\"><\/div><div class=\"team-meta\"><h3>REGISTRO DE PRODUCTOS<\/h3><p><p><\/div><\/div>[\/vc_column_inner][vc_column_inner enable_animation=&#8221;true&#8221; animation=&#8221;grow-in&#8221; column_padding=&#8221;no-extra-padding&#8221; column_padding_position=&#8221;all&#8221; background_color_opacity=&#8221;1&#8243; width=&#8221;1\/3&#8243; column_border_width=&#8221;none&#8221; column_border_style=&#8221;solid&#8221;]<div class=\"team-member\" data-style=\"meta_overlaid\"><div class=\"team-member-overlay\"><\/div><a href=\"http:\/\/ndemario.com\/spanish\/partnership-agreements\/\"><\/a> <div class=\"team-member-image\" style=\"background-image: url(http:\/\/ndemario.com\/spanish\/wp-content\/uploads\/2017\/08\/partner_2-600x403.jpg);\"><\/div><div class=\"team-meta\"><h3>COLABORACI\u00d3N<\/h3><p><p><\/div><\/div>[\/vc_column_inner][\/vc_row_inner][\/vc_column][\/vc_row]\n","protected":false},"excerpt":{"rendered":"<p>[vc_row type=&#8221;full_width_content&#8221; full_screen_row_position=&#8221;top&#8221; scene_position=&#8221;top&#8221; mouse_sensitivity=&#8221;10&#8243; text_color=&#8221;dark&#8221; text_align=&#8221;left&#8221; bottom_padding=&#8221;3.5%&#8221; overlay_strength=&#8221;0.3&#8243;][vc_column column_padding=&#8221;no-extra-padding&#8221; column_padding_position=&#8221;all&#8221; background_color_opacity=&#8221;1&#8243; background_hover_color_opacity=&#8221;1&#8243; column_shadow=&#8221;none&#8221; width=&#8221;1\/1&#8243; tablet_text_alignment=&#8221;default&#8221; phone_text_alignment=&#8221;default&#8221; column_border_width=&#8221;none&#8221; column_border_style=&#8221;solid&#8221;][rev_slider_vc alias=&#8221;contact&#8221;][\/vc_column][\/vc_row][vc_row type=&#8221;in_container&#8221; full_screen_row_position=&#8221;middle&#8221; equal_height=&#8221;yes&#8221; content_placement=&#8221;top&#8221; scene_position=&#8221;center&#8221; text_color=&#8221;dark&#8221; text_align=&#8221;left&#8221; overlay_strength=&#8221;0.3&#8243;][vc_column column_padding=&#8221;no-extra-padding&#8221; column_padding_position=&#8221;all&#8221;&#8230;<\/p>\n","protected":false},"author":1,"featured_media":0,"parent":0,"menu_order":0,"comment_status":"closed","ping_status":"closed","template":"","meta":[],"yoast_head":"<!-- This site is optimized with the Yoast SEO plugin v16.7 - https:\/\/yoast.com\/wordpress\/plugins\/seo\/ -->\n<title>CONTACTO - N De Mario &amp; Mario<\/title>\n<meta name=\"description\" content=\"CONTACTO\" \/>\n<meta name=\"robots\" content=\"index, follow, max-snippet:-1, max-image-preview:large, max-video-preview:-1\" \/>\n<link rel=\"canonical\" href=\"http:\/\/ndemario.com\/spanish\/contact-3\/\" \/>\n<meta property=\"og:locale\" content=\"en_GB\" \/>\n<meta property=\"og:type\" content=\"article\" \/>\n<meta property=\"og:title\" content=\"CONTACTO - N De Mario &amp; Mario\" \/>\n<meta property=\"og:description\" content=\"CONTACTO\" \/>\n<meta property=\"og:url\" content=\"http:\/\/ndemario.com\/spanish\/contact-3\/\" \/>\n<meta property=\"og:site_name\" content=\"Mario\" \/>\n<meta property=\"article:modified_time\" content=\"2021-04-17T11:08:24+00:00\" \/>\n<meta name=\"twitter:card\" content=\"summary\" \/>\n<meta name=\"twitter:label1\" content=\"Estimated reading time\" \/>\n\t<meta name=\"twitter:data1\" content=\"3 minutes\" \/>\n<script type=\"application\/ld+json\" class=\"yoast-schema-graph\">{\"@context\":\"https:\/\/schema.org\",\"@graph\":[{\"@type\":\"WebSite\",\"@id\":\"https:\/\/ndemario.com\/spanish\/#website\",\"url\":\"https:\/\/ndemario.com\/spanish\/\",\"name\":\"Mario\",\"description\":\"N. De Mario &amp; Mario\",\"potentialAction\":[{\"@type\":\"SearchAction\",\"target\":{\"@type\":\"EntryPoint\",\"urlTemplate\":\"https:\/\/ndemario.com\/spanish\/?s={search_term_string}\"},\"query-input\":\"required name=search_term_string\"}],\"inLanguage\":\"en-GB\"},{\"@type\":\"WebPage\",\"@id\":\"http:\/\/ndemario.com\/spanish\/contact-3\/#webpage\",\"url\":\"http:\/\/ndemario.com\/spanish\/contact-3\/\",\"name\":\"CONTACTO - N De Mario & Mario\",\"isPartOf\":{\"@id\":\"https:\/\/ndemario.com\/spanish\/#website\"},\"datePublished\":\"2017-07-29T13:04:33+00:00\",\"dateModified\":\"2021-04-17T11:08:24+00:00\",\"description\":\"CONTACTO\",\"breadcrumb\":{\"@id\":\"http:\/\/ndemario.com\/spanish\/contact-3\/#breadcrumb\"},\"inLanguage\":\"en-GB\",\"potentialAction\":[{\"@type\":\"ReadAction\",\"target\":[\"http:\/\/ndemario.com\/spanish\/contact-3\/\"]}]},{\"@type\":\"BreadcrumbList\",\"@id\":\"http:\/\/ndemario.com\/spanish\/contact-3\/#breadcrumb\",\"itemListElement\":[{\"@type\":\"ListItem\",\"position\":1,\"name\":\"Home\",\"item\":\"https:\/\/ndemario.com\/spanish\/\"},{\"@type\":\"ListItem\",\"position\":2,\"name\":\"CONTACTO\"}]}]}<\/script>\n<!-- \/ Yoast SEO plugin. -->","yoast_head_json":{"title":"CONTACTO - N De Mario & Mario","description":"CONTACTO","robots":{"index":"index","follow":"follow","max-snippet":"max-snippet:-1","max-image-preview":"max-image-preview:large","max-video-preview":"max-video-preview:-1"},"canonical":"http:\/\/ndemario.com\/spanish\/contact-3\/","og_locale":"en_GB","og_type":"article","og_title":"CONTACTO - N De Mario & Mario","og_description":"CONTACTO","og_url":"http:\/\/ndemario.com\/spanish\/contact-3\/","og_site_name":"Mario","article_modified_time":"2021-04-17T11:08:24+00:00","twitter_card":"summary","twitter_misc":{"Estimated reading time":"3 minutes"},"schema":{"@context":"https:\/\/schema.org","@graph":[{"@type":"WebSite","@id":"https:\/\/ndemario.com\/spanish\/#website","url":"https:\/\/ndemario.com\/spanish\/","name":"Mario","description":"N. De Mario &amp; Mario","potentialAction":[{"@type":"SearchAction","target":{"@type":"EntryPoint","urlTemplate":"https:\/\/ndemario.com\/spanish\/?s={search_term_string}"},"query-input":"required name=search_term_string"}],"inLanguage":"en-GB"},{"@type":"WebPage","@id":"http:\/\/ndemario.com\/spanish\/contact-3\/#webpage","url":"http:\/\/ndemario.com\/spanish\/contact-3\/","name":"CONTACTO - N De Mario & Mario","isPartOf":{"@id":"https:\/\/ndemario.com\/spanish\/#website"},"datePublished":"2017-07-29T13:04:33+00:00","dateModified":"2021-04-17T11:08:24+00:00","description":"CONTACTO","breadcrumb":{"@id":"http:\/\/ndemario.com\/spanish\/contact-3\/#breadcrumb"},"inLanguage":"en-GB","potentialAction":[{"@type":"ReadAction","target":["http:\/\/ndemario.com\/spanish\/contact-3\/"]}]},{"@type":"BreadcrumbList","@id":"http:\/\/ndemario.com\/spanish\/contact-3\/#breadcrumb","itemListElement":[{"@type":"ListItem","position":1,"name":"Home","item":"https:\/\/ndemario.com\/spanish\/"},{"@type":"ListItem","position":2,"name":"CONTACTO"}]}]}},"_links":{"self":[{"href":"http:\/\/ndemario.com\/spanish\/wp-json\/wp\/v2\/pages\/3233"}],"collection":[{"href":"http:\/\/ndemario.com\/spanish\/wp-json\/wp\/v2\/pages"}],"about":[{"href":"http:\/\/ndemario.com\/spanish\/wp-json\/wp\/v2\/types\/page"}],"author":[{"embeddable":true,"href":"http:\/\/ndemario.com\/spanish\/wp-json\/wp\/v2\/users\/1"}],"replies":[{"embeddable":true,"href":"http:\/\/ndemario.com\/spanish\/wp-json\/wp\/v2\/comments?post=3233"}],"version-history":[{"count":23,"href":"http:\/\/ndemario.com\/spanish\/wp-json\/wp\/v2\/pages\/3233\/revisions"}],"predecessor-version":[{"id":3524,"href":"http:\/\/ndemario.com\/spanish\/wp-json\/wp\/v2\/pages\/3233\/revisions\/3524"}],"wp:attachment":[{"href":"http:\/\/ndemario.com\/spanish\/wp-json\/wp\/v2\/media?parent=3233"}],"curies":[{"name":"wp","href":"https:\/\/api.w.org\/{rel}","templated":true}]}}