{"id":3222,"date":"2017-07-28T18:22:10","date_gmt":"2017-07-28T17:22:10","guid":{"rendered":"http:\/\/ndemario.com\/spanish\/?page_id=3222"},"modified":"2021-03-23T23:04:09","modified_gmt":"2021-03-23T23:04:09","slug":"warehousing-logistics","status":"publish","type":"page","link":"http:\/\/ndemario.com\/spanish\/warehousing-logistics\/","title":{"rendered":"ALMACENAMIENTO Y LOG\u00cdSTICA"},"content":{"rendered":"[vc_row type=&#8221;full_width_content&#8221; full_screen_row_position=&#8221;top&#8221; full_height=&#8221;yes&#8221; columns_placement=&#8221;top&#8221; mouse_based_parallax_bg=&#8221;true&#8221; scene_position=&#8221;top&#8221; mouse_sensitivity=&#8221;10&#8243; text_color=&#8221;dark&#8221; text_align=&#8221;left&#8221; bottom_padding=&#8221;5%&#8221; overlay_strength=&#8221;0.3&#8243;][vc_column column_padding=&#8221;no-extra-padding&#8221; column_padding_position=&#8221;all&#8221; background_color_opacity=&#8221;1&#8243; background_hover_color_opacity=&#8221;1&#8243; column_shadow=&#8221;none&#8221; width=&#8221;1\/1&#8243; tablet_text_alignment=&#8221;default&#8221; phone_text_alignment=&#8221;default&#8221; column_border_width=&#8221;none&#8221; column_border_style=&#8221;solid&#8221;][rev_slider_vc alias=&#8221;warehousing&#8221;][vc_row_inner column_margin=&#8221;default&#8221; top_padding=&#8221;40&#8243; bottom_padding=&#8221;1&#8243; text_align=&#8221;center&#8221;][vc_column_inner column_padding=&#8221;padding-1-percent&#8221; column_padding_position=&#8221;all&#8221; centered_text=&#8221;true&#8221; background_color_opacity=&#8221;1&#8243; width=&#8221;1\/1&#8243; column_border_width=&#8221;none&#8221; column_border_style=&#8221;solid&#8221;][vc_column_text css_animation=&#8221;fadeInDown&#8221; max_width=&#8221;800&#8243;]\n<h4 style=\"text-align: left;\">La log\u00edstica de terceros de N De Mario &amp; Mario Limited ofrece instalaciones totalmente reguladas para el almacenamiento y la distribuci\u00f3n con almacenamiento refrigerado a menos de tres millas del Aeropuerto de Gatwick.<\/h4>\n[\/vc_column_text]<div class=\"divider-wrap\"><div style=\"margin-top: 25px; width: 800px; height: 2px; margin-bottom: 25px;\" data-width=\"800\" data-animate=\"yes\" data-animation-delay=\"\" data-color=\"extra-color-1\" class=\"divider-small-border\"><\/div><\/div>[vc_column_text css_animation=&#8221;fadeInDown&#8221; max_width=&#8221;800&#8243;]\n<p style=\"text-align: left;\">N De Mario &amp; Mario Limited cuenta con un almac\u00e9n subcontratado que ofrece instalaciones totalmente reguladas para la distribuci\u00f3n con almacenamiento refrigerado a menos de tres millas del Aeropuerto de Gatwick.<\/p>\n<p style=\"text-align: left; color: #1b75bc;\">\u00bb Temperatura ambiente (hasta 25 \u00b0C)<br \/>\n\u00bb Temperatura controlada (de 2 a 8 \u00b0C)<\/p>\n<p style=\"text-align: left;\">Nuestro socio de confianza proporciona toda la gama de servicios log\u00edsticos y gesti\u00f3n de toda la cadena de suministro para la entrega puerta a puerta entre los que se incluyen:<\/p>\n<p style=\"text-align: left; color: #1b75bc;\">\u00bb Almac\u00e9n con control de plagas<br \/>\n\u00bb Control de la temperatura<br \/>\n\u00bb Cumplimiento de GDP<br \/>\n\u00bb Dep\u00f3sito aduanero, zona franca<br \/>\n\u00bb Recogida y embalaje<br \/>\n\u00bb Distribuci\u00f3n de almac\u00e9n por contrato<br \/>\n\u00bb Env\u00edo de los productos a cualquier destino del mundo<br \/>\n\u00bb Gesti\u00f3n de documentos incluyendo los documentos de transporte para el transporte por mar, tierra y aire.<\/p>\n<p style=\"text-align: left;\">A continuaci\u00f3n, se lista la documentaci\u00f3n de despacho de aduana:<\/p>\n<p style=\"text-align: left; color: #1b75bc;\">\u00bb Facturas comerciales<br \/>\n\u00bb Listas de embarque<br \/>\n\u00bb Permiso de exportaci\u00f3n<br \/>\n\u00bb Permiso de importaci\u00f3n<br \/>\n\u00bb Certificado origen\/Certificado sanitario<\/p>\n[\/vc_column_text]<div class=\"divider-wrap\"><div style=\"margin-top: 25px; width: 800px; height: 2px; margin-bottom: 25px;\" data-width=\"800\" data-animate=\"yes\" data-animation-delay=\"\" data-color=\"extra-color-1\" class=\"divider-small-border\"><\/div><\/div>[\/vc_column_inner][\/vc_row_inner][\/vc_column][\/vc_row][vc_row type=&#8221;in_container&#8221; full_screen_row_position=&#8221;middle&#8221; scene_position=&#8221;center&#8221; text_color=&#8221;dark&#8221; text_align=&#8221;left&#8221; top_padding=&#8221;1%&#8221; overlay_strength=&#8221;0.3&#8243;][vc_column centered_text=&#8221;true&#8221; column_padding=&#8221;no-extra-padding&#8221; column_padding_position=&#8221;all&#8221; background_color_opacity=&#8221;1&#8243; background_hover_color_opacity=&#8221;1&#8243; column_shadow=&#8221;none&#8221; width=&#8221;1\/1&#8243; tablet_text_alignment=&#8221;default&#8221; phone_text_alignment=&#8221;default&#8221; column_border_width=&#8221;none&#8221; column_border_style=&#8221;solid&#8221;][vc_row_inner content_placement=&#8221;bottom&#8221; column_margin=&#8221;default&#8221; bottom_padding=&#8221;0%&#8221; text_align=&#8221;left&#8221;][vc_column_inner enable_animation=&#8221;true&#8221; animation=&#8221;grow-in&#8221; column_padding=&#8221;no-extra-padding&#8221; column_padding_position=&#8221;all&#8221; background_color_opacity=&#8221;1&#8243; width=&#8221;1\/3&#8243; column_border_width=&#8221;none&#8221; column_border_style=&#8221;solid&#8221;]<div class=\"team-member\" data-style=\"meta_overlaid\"><div class=\"team-member-overlay\"><\/div><a href=\"http:\/\/ndemario.com\/spanish\/named-patient-program\/\"><\/a> <div class=\"team-member-image\" style=\"background-image: url(http:\/\/ndemario.com\/spanish\/wp-content\/uploads\/2017\/08\/named-patient-supply_2-600x403.jpg);\"><\/div><div class=\"team-meta\"><h3>PROGRAMA PARA PACIENTES ESPEC\u00cdFICOS<\/h3><p><p><\/div><\/div>[\/vc_column_inner][vc_column_inner enable_animation=&#8221;true&#8221; animation=&#8221;grow-in&#8221; column_padding=&#8221;no-extra-padding&#8221; column_padding_position=&#8221;all&#8221; background_color_opacity=&#8221;1&#8243; width=&#8221;1\/3&#8243; column_border_width=&#8221;none&#8221; column_border_style=&#8221;solid&#8221;]<div class=\"team-member\" data-style=\"meta_overlaid\"><div class=\"team-member-overlay\"><\/div><a href=\"http:\/\/ndemario.com\/spanish\/product-registration\/\"><\/a> <div class=\"team-member-image\" style=\"background-image: url(http:\/\/ndemario.com\/spanish\/wp-content\/uploads\/2017\/08\/product_2-600x403.jpg);\"><\/div><div class=\"team-meta\"><h3>REGISTRO DE PRODUCTOS <\/h3><p><p><\/div><\/div>[\/vc_column_inner][vc_column_inner enable_animation=&#8221;true&#8221; animation=&#8221;grow-in&#8221; column_padding=&#8221;no-extra-padding&#8221; column_padding_position=&#8221;all&#8221; background_color_opacity=&#8221;1&#8243; width=&#8221;1\/3&#8243; column_border_width=&#8221;none&#8221; column_border_style=&#8221;solid&#8221;]<div class=\"team-member\" data-style=\"meta_overlaid\"><div class=\"team-member-overlay\"><\/div><a href=\"http:\/\/ndemario.com\/spanish\/partnership-agreements\/\"><\/a> <div class=\"team-member-image\" style=\"background-image: url(http:\/\/ndemario.com\/spanish\/wp-content\/uploads\/2017\/08\/partner_2-600x403.jpg);\"><\/div><div class=\"team-meta\"><h3>COLABORACI\u00d3N<\/h3><p><p><\/div><\/div>[\/vc_column_inner][\/vc_row_inner][\/vc_column][\/vc_row]\n","protected":false},"excerpt":{"rendered":"<p>[vc_row type=&#8221;full_width_content&#8221; full_screen_row_position=&#8221;top&#8221; full_height=&#8221;yes&#8221; columns_placement=&#8221;top&#8221; mouse_based_parallax_bg=&#8221;true&#8221; scene_position=&#8221;top&#8221; mouse_sensitivity=&#8221;10&#8243; text_color=&#8221;dark&#8221; text_align=&#8221;left&#8221; bottom_padding=&#8221;5%&#8221; overlay_strength=&#8221;0.3&#8243;][vc_column column_padding=&#8221;no-extra-padding&#8221; column_padding_position=&#8221;all&#8221; background_color_opacity=&#8221;1&#8243; background_hover_color_opacity=&#8221;1&#8243; column_shadow=&#8221;none&#8221; width=&#8221;1\/1&#8243; tablet_text_alignment=&#8221;default&#8221; phone_text_alignment=&#8221;default&#8221; column_border_width=&#8221;none&#8221; column_border_style=&#8221;solid&#8221;][rev_slider_vc alias=&#8221;warehousing&#8221;][vc_row_inner column_margin=&#8221;default&#8221; top_padding=&#8221;40&#8243; bottom_padding=&#8221;1&#8243; text_align=&#8221;center&#8221;][vc_column_inner column_padding=&#8221;padding-1-percent&#8221; column_padding_position=&#8221;all&#8221; centered_text=&#8221;true&#8221;&#8230;<\/p>\n","protected":false},"author":1,"featured_media":0,"parent":0,"menu_order":0,"comment_status":"closed","ping_status":"closed","template":"","meta":[],"yoast_head":"<!-- This site is optimized with the Yoast SEO plugin v16.7 - https:\/\/yoast.com\/wordpress\/plugins\/seo\/ -->\n<title>ALMACENAMIENTO Y LOG\u00cdSTICA - N.Demario &amp; Mario<\/title>\n<meta name=\"description\" content=\"N De Mario &amp; Mario Limited cuenta con un almac\u00e9n subcontratado que ofrece instalaciones totalmente reguladas para la distribuci\u00f3n\" \/>\n<meta name=\"robots\" content=\"index, follow, max-snippet:-1, max-image-preview:large, max-video-preview:-1\" \/>\n<link rel=\"canonical\" href=\"http:\/\/ndemario.com\/spanish\/warehousing-logistics\/\" \/>\n<meta property=\"og:locale\" content=\"en_GB\" \/>\n<meta property=\"og:type\" content=\"article\" \/>\n<meta property=\"og:title\" content=\"ALMACENAMIENTO Y LOG\u00cdSTICA - N.Demario &amp; Mario\" \/>\n<meta property=\"og:description\" content=\"N De Mario &amp; Mario Limited cuenta con un almac\u00e9n subcontratado que ofrece instalaciones totalmente reguladas para la distribuci\u00f3n\" \/>\n<meta property=\"og:url\" content=\"http:\/\/ndemario.com\/spanish\/warehousing-logistics\/\" \/>\n<meta property=\"og:site_name\" content=\"Mario\" \/>\n<meta property=\"article:modified_time\" content=\"2021-03-23T23:04:09+00:00\" \/>\n<meta name=\"twitter:card\" content=\"summary\" \/>\n<meta name=\"twitter:label1\" content=\"Estimated reading time\" \/>\n\t<meta name=\"twitter:data1\" content=\"3 minutes\" \/>\n<script type=\"application\/ld+json\" class=\"yoast-schema-graph\">{\"@context\":\"https:\/\/schema.org\",\"@graph\":[{\"@type\":\"WebSite\",\"@id\":\"https:\/\/ndemario.com\/spanish\/#website\",\"url\":\"https:\/\/ndemario.com\/spanish\/\",\"name\":\"Mario\",\"description\":\"N. De Mario &amp; Mario\",\"potentialAction\":[{\"@type\":\"SearchAction\",\"target\":{\"@type\":\"EntryPoint\",\"urlTemplate\":\"https:\/\/ndemario.com\/spanish\/?s={search_term_string}\"},\"query-input\":\"required name=search_term_string\"}],\"inLanguage\":\"en-GB\"},{\"@type\":\"WebPage\",\"@id\":\"http:\/\/ndemario.com\/spanish\/warehousing-logistics\/#webpage\",\"url\":\"http:\/\/ndemario.com\/spanish\/warehousing-logistics\/\",\"name\":\"ALMACENAMIENTO Y LOG\\u00cdSTICA - N.Demario & Mario\",\"isPartOf\":{\"@id\":\"https:\/\/ndemario.com\/spanish\/#website\"},\"datePublished\":\"2017-07-28T17:22:10+00:00\",\"dateModified\":\"2021-03-23T23:04:09+00:00\",\"description\":\"N De Mario & Mario Limited cuenta con un almac\\u00e9n subcontratado que ofrece instalaciones totalmente reguladas para la distribuci\\u00f3n\",\"breadcrumb\":{\"@id\":\"http:\/\/ndemario.com\/spanish\/warehousing-logistics\/#breadcrumb\"},\"inLanguage\":\"en-GB\",\"potentialAction\":[{\"@type\":\"ReadAction\",\"target\":[\"http:\/\/ndemario.com\/spanish\/warehousing-logistics\/\"]}]},{\"@type\":\"BreadcrumbList\",\"@id\":\"http:\/\/ndemario.com\/spanish\/warehousing-logistics\/#breadcrumb\",\"itemListElement\":[{\"@type\":\"ListItem\",\"position\":1,\"name\":\"Home\",\"item\":\"https:\/\/ndemario.com\/spanish\/\"},{\"@type\":\"ListItem\",\"position\":2,\"name\":\"ALMACENAMIENTO Y LOG\\u00cdSTICA\"}]}]}<\/script>\n<!-- \/ Yoast SEO plugin. -->","yoast_head_json":{"title":"ALMACENAMIENTO Y LOG\u00cdSTICA - N.Demario & Mario","description":"N De Mario & Mario Limited cuenta con un almac\u00e9n subcontratado que ofrece instalaciones totalmente reguladas para la distribuci\u00f3n","robots":{"index":"index","follow":"follow","max-snippet":"max-snippet:-1","max-image-preview":"max-image-preview:large","max-video-preview":"max-video-preview:-1"},"canonical":"http:\/\/ndemario.com\/spanish\/warehousing-logistics\/","og_locale":"en_GB","og_type":"article","og_title":"ALMACENAMIENTO Y LOG\u00cdSTICA - N.Demario & Mario","og_description":"N De Mario & Mario Limited cuenta con un almac\u00e9n subcontratado que ofrece instalaciones totalmente reguladas para la distribuci\u00f3n","og_url":"http:\/\/ndemario.com\/spanish\/warehousing-logistics\/","og_site_name":"Mario","article_modified_time":"2021-03-23T23:04:09+00:00","twitter_card":"summary","twitter_misc":{"Estimated reading time":"3 minutes"},"schema":{"@context":"https:\/\/schema.org","@graph":[{"@type":"WebSite","@id":"https:\/\/ndemario.com\/spanish\/#website","url":"https:\/\/ndemario.com\/spanish\/","name":"Mario","description":"N. De Mario &amp; Mario","potentialAction":[{"@type":"SearchAction","target":{"@type":"EntryPoint","urlTemplate":"https:\/\/ndemario.com\/spanish\/?s={search_term_string}"},"query-input":"required name=search_term_string"}],"inLanguage":"en-GB"},{"@type":"WebPage","@id":"http:\/\/ndemario.com\/spanish\/warehousing-logistics\/#webpage","url":"http:\/\/ndemario.com\/spanish\/warehousing-logistics\/","name":"ALMACENAMIENTO Y LOG\u00cdSTICA - N.Demario & Mario","isPartOf":{"@id":"https:\/\/ndemario.com\/spanish\/#website"},"datePublished":"2017-07-28T17:22:10+00:00","dateModified":"2021-03-23T23:04:09+00:00","description":"N De Mario & Mario Limited cuenta con un almac\u00e9n subcontratado que ofrece instalaciones totalmente reguladas para la distribuci\u00f3n","breadcrumb":{"@id":"http:\/\/ndemario.com\/spanish\/warehousing-logistics\/#breadcrumb"},"inLanguage":"en-GB","potentialAction":[{"@type":"ReadAction","target":["http:\/\/ndemario.com\/spanish\/warehousing-logistics\/"]}]},{"@type":"BreadcrumbList","@id":"http:\/\/ndemario.com\/spanish\/warehousing-logistics\/#breadcrumb","itemListElement":[{"@type":"ListItem","position":1,"name":"Home","item":"https:\/\/ndemario.com\/spanish\/"},{"@type":"ListItem","position":2,"name":"ALMACENAMIENTO Y LOG\u00cdSTICA"}]}]}},"_links":{"self":[{"href":"http:\/\/ndemario.com\/spanish\/wp-json\/wp\/v2\/pages\/3222"}],"collection":[{"href":"http:\/\/ndemario.com\/spanish\/wp-json\/wp\/v2\/pages"}],"about":[{"href":"http:\/\/ndemario.com\/spanish\/wp-json\/wp\/v2\/types\/page"}],"author":[{"embeddable":true,"href":"http:\/\/ndemario.com\/spanish\/wp-json\/wp\/v2\/users\/1"}],"replies":[{"embeddable":true,"href":"http:\/\/ndemario.com\/spanish\/wp-json\/wp\/v2\/comments?post=3222"}],"version-history":[{"count":24,"href":"http:\/\/ndemario.com\/spanish\/wp-json\/wp\/v2\/pages\/3222\/revisions"}],"predecessor-version":[{"id":3517,"href":"http:\/\/ndemario.com\/spanish\/wp-json\/wp\/v2\/pages\/3222\/revisions\/3517"}],"wp:attachment":[{"href":"http:\/\/ndemario.com\/spanish\/wp-json\/wp\/v2\/media?parent=3222"}],"curies":[{"name":"wp","href":"https:\/\/api.w.org\/{rel}","templated":true}]}}