{"id":3205,"date":"2017-07-28T17:38:22","date_gmt":"2017-07-28T16:38:22","guid":{"rendered":"http:\/\/ndemario.com\/spanish\/?page_id=3205"},"modified":"2021-03-21T11:11:15","modified_gmt":"2021-03-21T11:11:15","slug":"partnership-agreements","status":"publish","type":"page","link":"http:\/\/ndemario.com\/spanish\/partnership-agreements\/","title":{"rendered":"COLABORACI\u00d3N"},"content":{"rendered":"[vc_row type=&#8221;full_width_content&#8221; full_screen_row_position=&#8221;top&#8221; full_height=&#8221;yes&#8221; columns_placement=&#8221;top&#8221; mouse_based_parallax_bg=&#8221;true&#8221; scene_position=&#8221;top&#8221; mouse_sensitivity=&#8221;10&#8243; text_color=&#8221;dark&#8221; text_align=&#8221;left&#8221; bottom_padding=&#8221;1%&#8221; overlay_strength=&#8221;0.3&#8243;][vc_column column_padding=&#8221;no-extra-padding&#8221; column_padding_position=&#8221;all&#8221; background_color_opacity=&#8221;1&#8243; background_hover_color_opacity=&#8221;1&#8243; column_shadow=&#8221;none&#8221; width=&#8221;1\/1&#8243; tablet_text_alignment=&#8221;default&#8221; phone_text_alignment=&#8221;default&#8221; column_border_width=&#8221;none&#8221; column_border_style=&#8221;solid&#8221;][rev_slider_vc alias=&#8221;partnership&#8221;][vc_row_inner column_margin=&#8221;default&#8221; top_padding=&#8221;40&#8243; text_align=&#8221;center&#8221;][vc_column_inner column_padding=&#8221;padding-1-percent&#8221; column_padding_position=&#8221;all&#8221; centered_text=&#8221;true&#8221; background_color_opacity=&#8221;1&#8243; width=&#8221;1\/1&#8243; column_border_width=&#8221;none&#8221; column_border_style=&#8221;solid&#8221;][vc_column_text css_animation=&#8221;fadeInDown&#8221; max_width=&#8221;800&#8243;]\n<h4 style=\"text-align: left;\">N De Mario &amp; Mario Limited es el socio imprescindible para los fabricantes farmac\u00e9uticos que externalizan sus requisitos complejos de acceso a mercados a proveedores de servicios especializados, que cuentan con los contactos esenciales y los conocimientos normativos para guiar todo el proceso de acceso a un mercado de medicamentos nuevos o establecidos en territorios comerciales que pueden tambi\u00e9n exigir el registro del producto.<\/h4>\n[\/vc_column_text]<div class=\"divider-wrap\"><div style=\"margin-top: 25px; width: 800px; height: 2px; margin-bottom: 25px;\" data-width=\"800\" data-animate=\"yes\" data-animation-delay=\"\" data-color=\"extra-color-1\" class=\"divider-small-border\"><\/div><\/div>[vc_column_text css_animation=&#8221;fadeInDown&#8221; max_width=&#8221;800&#8243;]\n<p style=\"text-align: left;\">Nuestra dilatada experiencia en el sector, trabajando con organismos gubernamentales locales como los Ministerios de Sanidad, garantiza que contamos con una profunda comprensi\u00f3n de las diferentes variaciones en las necesidades locales de los principales pa\u00edses en desarrollo donde hemos formado unas alianzas firmes y hemos desarrollado una red de conexiones internacionales. Esta experiencia esencial y nuestros contactos cualificados representan toda una ventaja en estas regiones en las que la demanda del producto, la licencia correcta y el cumplimiento normativo dan apoyo al proceso para un acceso exitoso del producto.<\/p>\n<p style=\"text-align: left;\">Si est\u00e1 interesado en colaborar con nosotros, siempre estamos dispuestos a entrar en nuevas sociedades y a crear una nueva conexi\u00f3n para seguir ofreciendo nuestra asistencia. P\u00f3ngase en contacto si desea m\u00e1s informaci\u00f3n.<\/p>\n<p style=\"text-align: left;\"><strong>Para hablar sobre las oportunidades de distribuci\u00f3n exclusiva, llame al +44 (0) 208 732 5427<\/strong><\/p>\n<p style=\"text-align: left;\"><strong>\u00a0<\/strong><\/p>\n[\/vc_column_text]<div class=\"divider-wrap\"><div style=\"margin-top: 25px; width: 800px; height: 2px; margin-bottom: 25px;\" data-width=\"800\" data-animate=\"yes\" data-animation-delay=\"\" data-color=\"extra-color-1\" class=\"divider-small-border\"><\/div><\/div>[\/vc_column_inner][\/vc_row_inner][\/vc_column][\/vc_row][vc_row type=&#8221;in_container&#8221; full_screen_row_position=&#8221;middle&#8221; scene_position=&#8221;center&#8221; text_color=&#8221;dark&#8221; text_align=&#8221;center&#8221; overlay_strength=&#8221;0.3&#8243;][vc_column column_padding=&#8221;no-extra-padding&#8221; column_padding_position=&#8221;all&#8221; background_color_opacity=&#8221;1&#8243; background_hover_color_opacity=&#8221;1&#8243; column_shadow=&#8221;none&#8221; width=&#8221;1\/1&#8243; tablet_text_alignment=&#8221;default&#8221; phone_text_alignment=&#8221;default&#8221; column_border_width=&#8221;none&#8221; column_border_style=&#8221;solid&#8221;][nectar_btn size=&#8221;large&#8221; button_style=&#8221;regular&#8221; button_color_2=&#8221;Accent-Color&#8221; icon_family=&#8221;fontawesome&#8221; text=&#8221;Cont\u00e1ctenos&#8221; icon_fontawesome=&#8221;fa fa-envelope-o&#8221; url=&#8221;mailto:info@ndemario.com&#8221;][\/vc_column][\/vc_row][vc_row type=&#8221;in_container&#8221; full_screen_row_position=&#8221;middle&#8221; scene_position=&#8221;center&#8221; text_color=&#8221;dark&#8221; text_align=&#8221;left&#8221; overlay_strength=&#8221;0.3&#8243;][vc_column centered_text=&#8221;true&#8221; column_padding=&#8221;no-extra-padding&#8221; column_padding_position=&#8221;all&#8221; background_color_opacity=&#8221;1&#8243; background_hover_color_opacity=&#8221;1&#8243; column_shadow=&#8221;none&#8221; width=&#8221;1\/1&#8243; tablet_text_alignment=&#8221;default&#8221; phone_text_alignment=&#8221;default&#8221; column_border_width=&#8221;none&#8221; column_border_style=&#8221;solid&#8221;][vc_row_inner content_placement=&#8221;bottom&#8221; column_margin=&#8221;default&#8221; top_padding=&#8221;2%&#8221; bottom_padding=&#8221;0%&#8221; text_align=&#8221;left&#8221;][vc_column_inner enable_animation=&#8221;true&#8221; animation=&#8221;grow-in&#8221; column_padding=&#8221;no-extra-padding&#8221; column_padding_position=&#8221;all&#8221; background_color_opacity=&#8221;1&#8243; width=&#8221;1\/3&#8243; column_border_width=&#8221;none&#8221; column_border_style=&#8221;solid&#8221;]<div class=\"team-member\" data-style=\"meta_overlaid\"><div class=\"team-member-overlay\"><\/div><a href=\"http:\/\/ndemario.com\/spanish\/named-patient-program\/\"><\/a> <div class=\"team-member-image\" style=\"background-image: url(http:\/\/ndemario.com\/spanish\/wp-content\/uploads\/2017\/08\/named-patient-supply_2-600x403.jpg);\"><\/div><div class=\"team-meta\"><h3>PROGRAMA PARA PACIENTES ESPEC\u00cdFICOS<\/h3><p><p><\/div><\/div>[\/vc_column_inner][vc_column_inner enable_animation=&#8221;true&#8221; animation=&#8221;grow-in&#8221; column_padding=&#8221;no-extra-padding&#8221; column_padding_position=&#8221;all&#8221; background_color_opacity=&#8221;1&#8243; width=&#8221;1\/3&#8243; column_border_width=&#8221;none&#8221; column_border_style=&#8221;solid&#8221;]<div class=\"team-member\" data-style=\"meta_overlaid\"><div class=\"team-member-overlay\"><\/div><a href=\"http:\/\/ndemario.com\/spanish\/product-registration\/\"><\/a> <div class=\"team-member-image\" style=\"background-image: url(http:\/\/ndemario.com\/spanish\/wp-content\/uploads\/2017\/08\/product_2-600x403.jpg);\"><\/div><div class=\"team-meta\"><h3>REGISTRO DE PRODUCTOS <\/h3><p><p><\/div><\/div>[\/vc_column_inner][vc_column_inner enable_animation=&#8221;true&#8221; animation=&#8221;grow-in&#8221; column_padding=&#8221;no-extra-padding&#8221; column_padding_position=&#8221;all&#8221; background_color_opacity=&#8221;1&#8243; width=&#8221;1\/3&#8243; column_border_width=&#8221;none&#8221; column_border_style=&#8221;solid&#8221;]<div class=\"team-member\" data-style=\"meta_overlaid\"><div class=\"team-member-overlay\"><\/div><a href=\"http:\/\/ndemario.com\/spanish\/partnership-agreements\/\"><\/a> <div class=\"team-member-image\" style=\"background-image: url(http:\/\/ndemario.com\/spanish\/wp-content\/uploads\/2017\/08\/partner_2-600x403.jpg);\"><\/div><div class=\"team-meta\"><h3>COLABORACI\u00d3N<\/h3><p><p><\/div><\/div>[\/vc_column_inner][\/vc_row_inner][\/vc_column][\/vc_row]\n","protected":false},"excerpt":{"rendered":"<p>[vc_row type=&#8221;full_width_content&#8221; full_screen_row_position=&#8221;top&#8221; full_height=&#8221;yes&#8221; columns_placement=&#8221;top&#8221; mouse_based_parallax_bg=&#8221;true&#8221; scene_position=&#8221;top&#8221; mouse_sensitivity=&#8221;10&#8243; text_color=&#8221;dark&#8221; text_align=&#8221;left&#8221; bottom_padding=&#8221;1%&#8221; overlay_strength=&#8221;0.3&#8243;][vc_column column_padding=&#8221;no-extra-padding&#8221; column_padding_position=&#8221;all&#8221; background_color_opacity=&#8221;1&#8243; background_hover_color_opacity=&#8221;1&#8243; column_shadow=&#8221;none&#8221; width=&#8221;1\/1&#8243; tablet_text_alignment=&#8221;default&#8221; phone_text_alignment=&#8221;default&#8221; column_border_width=&#8221;none&#8221; column_border_style=&#8221;solid&#8221;][rev_slider_vc alias=&#8221;partnership&#8221;][vc_row_inner column_margin=&#8221;default&#8221; top_padding=&#8221;40&#8243; text_align=&#8221;center&#8221;][vc_column_inner column_padding=&#8221;padding-1-percent&#8221; column_padding_position=&#8221;all&#8221; centered_text=&#8221;true&#8221; background_color_opacity=&#8221;1&#8243;&#8230;<\/p>\n","protected":false},"author":1,"featured_media":0,"parent":0,"menu_order":0,"comment_status":"closed","ping_status":"closed","template":"","meta":[],"yoast_head":"<!-- This site is optimized with the Yoast SEO plugin v16.7 - https:\/\/yoast.com\/wordpress\/plugins\/seo\/ -->\n<title>COLABORACI\u00d3N - N.Demario &amp; Mario<\/title>\n<meta name=\"description\" content=\"El socio para los fabricantes farmac\u00e9uticos que externalizan sus requisitos complejos de acceso a mercados a proveedores de servicios especializados.\" \/>\n<meta name=\"robots\" content=\"index, follow, max-snippet:-1, max-image-preview:large, max-video-preview:-1\" \/>\n<link rel=\"canonical\" href=\"http:\/\/ndemario.com\/spanish\/partnership-agreements\/\" \/>\n<meta property=\"og:locale\" content=\"en_GB\" \/>\n<meta property=\"og:type\" content=\"article\" \/>\n<meta property=\"og:title\" content=\"COLABORACI\u00d3N - N.Demario &amp; Mario\" \/>\n<meta property=\"og:description\" content=\"El socio para los fabricantes farmac\u00e9uticos que externalizan sus requisitos complejos de acceso a mercados a proveedores de servicios especializados.\" \/>\n<meta property=\"og:url\" content=\"http:\/\/ndemario.com\/spanish\/partnership-agreements\/\" \/>\n<meta property=\"og:site_name\" content=\"Mario\" \/>\n<meta property=\"article:modified_time\" content=\"2021-03-21T11:11:15+00:00\" \/>\n<meta name=\"twitter:card\" content=\"summary\" \/>\n<meta name=\"twitter:label1\" content=\"Estimated reading time\" \/>\n\t<meta name=\"twitter:data1\" content=\"4 minutes\" \/>\n<script type=\"application\/ld+json\" class=\"yoast-schema-graph\">{\"@context\":\"https:\/\/schema.org\",\"@graph\":[{\"@type\":\"WebSite\",\"@id\":\"http:\/\/ndemario.com\/spanish\/#website\",\"url\":\"http:\/\/ndemario.com\/spanish\/\",\"name\":\"Mario\",\"description\":\"N. De Mario &amp; Mario\",\"potentialAction\":[{\"@type\":\"SearchAction\",\"target\":{\"@type\":\"EntryPoint\",\"urlTemplate\":\"http:\/\/ndemario.com\/spanish\/?s={search_term_string}\"},\"query-input\":\"required name=search_term_string\"}],\"inLanguage\":\"en-GB\"},{\"@type\":\"WebPage\",\"@id\":\"http:\/\/ndemario.com\/spanish\/partnership-agreements\/#webpage\",\"url\":\"http:\/\/ndemario.com\/spanish\/partnership-agreements\/\",\"name\":\"COLABORACI\\u00d3N - N.Demario & Mario\",\"isPartOf\":{\"@id\":\"http:\/\/ndemario.com\/spanish\/#website\"},\"datePublished\":\"2017-07-28T16:38:22+00:00\",\"dateModified\":\"2021-03-21T11:11:15+00:00\",\"description\":\"El socio para los fabricantes farmac\\u00e9uticos que externalizan sus requisitos complejos de acceso a mercados a proveedores de servicios especializados.\",\"breadcrumb\":{\"@id\":\"http:\/\/ndemario.com\/spanish\/partnership-agreements\/#breadcrumb\"},\"inLanguage\":\"en-GB\",\"potentialAction\":[{\"@type\":\"ReadAction\",\"target\":[\"http:\/\/ndemario.com\/spanish\/partnership-agreements\/\"]}]},{\"@type\":\"BreadcrumbList\",\"@id\":\"http:\/\/ndemario.com\/spanish\/partnership-agreements\/#breadcrumb\",\"itemListElement\":[{\"@type\":\"ListItem\",\"position\":1,\"name\":\"Home\",\"item\":\"http:\/\/ndemario.com\/spanish\/\"},{\"@type\":\"ListItem\",\"position\":2,\"name\":\"COLABORACI\\u00d3N\"}]}]}<\/script>\n<!-- \/ Yoast SEO plugin. -->","yoast_head_json":{"title":"COLABORACI\u00d3N - N.Demario & Mario","description":"El socio para los fabricantes farmac\u00e9uticos que externalizan sus requisitos complejos de acceso a mercados a proveedores de servicios especializados.","robots":{"index":"index","follow":"follow","max-snippet":"max-snippet:-1","max-image-preview":"max-image-preview:large","max-video-preview":"max-video-preview:-1"},"canonical":"http:\/\/ndemario.com\/spanish\/partnership-agreements\/","og_locale":"en_GB","og_type":"article","og_title":"COLABORACI\u00d3N - N.Demario & Mario","og_description":"El socio para los fabricantes farmac\u00e9uticos que externalizan sus requisitos complejos de acceso a mercados a proveedores de servicios especializados.","og_url":"http:\/\/ndemario.com\/spanish\/partnership-agreements\/","og_site_name":"Mario","article_modified_time":"2021-03-21T11:11:15+00:00","twitter_card":"summary","twitter_misc":{"Estimated reading time":"4 minutes"},"schema":{"@context":"https:\/\/schema.org","@graph":[{"@type":"WebSite","@id":"http:\/\/ndemario.com\/spanish\/#website","url":"http:\/\/ndemario.com\/spanish\/","name":"Mario","description":"N. De Mario &amp; Mario","potentialAction":[{"@type":"SearchAction","target":{"@type":"EntryPoint","urlTemplate":"http:\/\/ndemario.com\/spanish\/?s={search_term_string}"},"query-input":"required name=search_term_string"}],"inLanguage":"en-GB"},{"@type":"WebPage","@id":"http:\/\/ndemario.com\/spanish\/partnership-agreements\/#webpage","url":"http:\/\/ndemario.com\/spanish\/partnership-agreements\/","name":"COLABORACI\u00d3N - N.Demario & Mario","isPartOf":{"@id":"http:\/\/ndemario.com\/spanish\/#website"},"datePublished":"2017-07-28T16:38:22+00:00","dateModified":"2021-03-21T11:11:15+00:00","description":"El socio para los fabricantes farmac\u00e9uticos que externalizan sus requisitos complejos de acceso a mercados a proveedores de servicios especializados.","breadcrumb":{"@id":"http:\/\/ndemario.com\/spanish\/partnership-agreements\/#breadcrumb"},"inLanguage":"en-GB","potentialAction":[{"@type":"ReadAction","target":["http:\/\/ndemario.com\/spanish\/partnership-agreements\/"]}]},{"@type":"BreadcrumbList","@id":"http:\/\/ndemario.com\/spanish\/partnership-agreements\/#breadcrumb","itemListElement":[{"@type":"ListItem","position":1,"name":"Home","item":"http:\/\/ndemario.com\/spanish\/"},{"@type":"ListItem","position":2,"name":"COLABORACI\u00d3N"}]}]}},"_links":{"self":[{"href":"http:\/\/ndemario.com\/spanish\/wp-json\/wp\/v2\/pages\/3205"}],"collection":[{"href":"http:\/\/ndemario.com\/spanish\/wp-json\/wp\/v2\/pages"}],"about":[{"href":"http:\/\/ndemario.com\/spanish\/wp-json\/wp\/v2\/types\/page"}],"author":[{"embeddable":true,"href":"http:\/\/ndemario.com\/spanish\/wp-json\/wp\/v2\/users\/1"}],"replies":[{"embeddable":true,"href":"http:\/\/ndemario.com\/spanish\/wp-json\/wp\/v2\/comments?post=3205"}],"version-history":[{"count":22,"href":"http:\/\/ndemario.com\/spanish\/wp-json\/wp\/v2\/pages\/3205\/revisions"}],"predecessor-version":[{"id":3499,"href":"http:\/\/ndemario.com\/spanish\/wp-json\/wp\/v2\/pages\/3205\/revisions\/3499"}],"wp:attachment":[{"href":"http:\/\/ndemario.com\/spanish\/wp-json\/wp\/v2\/media?parent=3205"}],"curies":[{"name":"wp","href":"https:\/\/api.w.org\/{rel}","templated":true}]}}