{"id":3513,"date":"2021-04-18T16:33:45","date_gmt":"2021-04-18T15:33:45","guid":{"rendered":"http:\/\/ndemario.com\/portugese\/?page_id=3513"},"modified":"2021-04-18T16:33:45","modified_gmt":"2021-04-18T15:33:45","slug":"early-access-program","status":"publish","type":"page","link":"http:\/\/ndemario.com\/portugese\/early-access-program\/","title":{"rendered":"PROGRAMAS DE ACESSO ANTECIPADO"},"content":{"rendered":"[vc_row type=&#8221;full_width_content&#8221; full_screen_row_position=&#8221;top&#8221; full_height=&#8221;yes&#8221; columns_placement=&#8221;top&#8221; mouse_based_parallax_bg=&#8221;true&#8221; scene_position=&#8221;top&#8221; mouse_sensitivity=&#8221;10&#8243; text_color=&#8221;dark&#8221; text_align=&#8221;left&#8221; bottom_padding=&#8221;3%&#8221; overlay_strength=&#8221;0.3&#8243;][vc_column column_padding=&#8221;no-extra-padding&#8221; column_padding_position=&#8221;all&#8221; background_color_opacity=&#8221;1&#8243; background_hover_color_opacity=&#8221;1&#8243; column_shadow=&#8221;none&#8221; width=&#8221;1\/1&#8243; tablet_text_alignment=&#8221;default&#8221; phone_text_alignment=&#8221;default&#8221; column_border_width=&#8221;none&#8221; column_border_style=&#8221;solid&#8221;][rev_slider_vc alias=&#8221;eap&#8221;][vc_row_inner column_margin=&#8221;default&#8221; top_padding=&#8221;40&#8243; bottom_padding=&#8221;1&#8243; text_align=&#8221;center&#8221;][vc_column_inner column_padding=&#8221;padding-1-percent&#8221; column_padding_position=&#8221;all&#8221; centered_text=&#8221;true&#8221; background_color_opacity=&#8221;1&#8243; width=&#8221;1\/1&#8243; column_border_width=&#8221;none&#8221; column_border_style=&#8221;solid&#8221;][vc_column_text css_animation=&#8221;fadeInDown&#8221; max_width=&#8221;800&#8243;]\n<h4 style=\"text-align: left;\">A N De Mario &amp; Mario Limited tamb\u00e9m atua em programas de acesso antecipado (EAP, <em>Early Access Programs<\/em>), que proporcionam acesso regulamentado, \u00e9tico e controlado a medicamentos experimentais fora do contexto dos estudos cl\u00ednicos, antes do lan\u00e7amento comercial.<\/h4>\n[\/vc_column_text]<div class=\"divider-wrap\"><div style=\"margin-top: 25px; width: 800px; height: 2px; margin-bottom: 25px;\" data-width=\"800\" data-animate=\"yes\" data-animation-delay=\"\" data-color=\"extra-color-1\" class=\"divider-small-border\"><\/div><\/div>[vc_column_text css_animation=&#8221;fadeInDown&#8221; max_width=&#8221;800&#8243;]\n<p style=\"text-align: left;\">Oferecemos esse programa somente em caso de solicita\u00e7\u00e3o m\u00e9dica para pacientes com doen\u00e7as que coloquem sua vida em risco, na aus\u00eancia de outras op\u00e7\u00f5es terap\u00eauticas. Existem muitas doen\u00e7as cr\u00f4nicas e debilitantes que se enquadram nos crit\u00e9rios para o acesso ao EAP.<\/p>\n<p style=\"text-align: left;\">O processo envolvido nesse programa exige planejamento de meses antes da demanda prevista, para definir se o EAP precisa ser instaurado. Medicamentos com parecer cient\u00edfico positivo podem ser disponibilizados aos pacientes de 12 a 18 meses antes da autoriza\u00e7\u00e3o formal de comercializa\u00e7\u00e3o.<\/p>\n<p style=\"text-align: left;\">Consideramos todas as implica\u00e7\u00f5es junto aos m\u00e9dicos antes de decidir iniciar o programa, desenvolvendo um plano para que os benef\u00edcios superem os riscos. \u00c9 essencial compreender plenamente o processo e os poss\u00edveis obst\u00e1culos envolvidos, al\u00e9m de conhecer bem as regulamenta\u00e7\u00f5es locais dos diferentes pa\u00edses.<\/p>\n<p style=\"text-align: left;\">Caso voc\u00ea esteja passando por essa desafortunada circunst\u00e2ncia, fale com seu m\u00e9dico ou profissional de sa\u00fade e pe\u00e7a para ele entrar em contato conosco para discutirmos as op\u00e7\u00f5es adequadas \u00e0 sua disposi\u00e7\u00e3o.<\/p>\n<p style=\"text-align: left;\"><strong>Para tratar do programa de acesso antecipado, ligue para +44 (0) 208 732 5427<\/strong><\/p>\n[\/vc_column_text]<div class=\"divider-wrap\"><div style=\"margin-top: 25px; width: 800px; height: 2px; margin-bottom: 25px;\" data-width=\"800\" data-animate=\"yes\" data-animation-delay=\"\" data-color=\"extra-color-1\" class=\"divider-small-border\"><\/div><\/div>[\/vc_column_inner][\/vc_row_inner][\/vc_column][\/vc_row][vc_row type=&#8221;in_container&#8221; full_screen_row_position=&#8221;middle&#8221; scene_position=&#8221;center&#8221; text_color=&#8221;dark&#8221; text_align=&#8221;center&#8221; overlay_strength=&#8221;0.3&#8243;][vc_column column_padding=&#8221;no-extra-padding&#8221; column_padding_position=&#8221;all&#8221; background_color_opacity=&#8221;1&#8243; background_hover_color_opacity=&#8221;1&#8243; column_shadow=&#8221;none&#8221; width=&#8221;1\/1&#8243; tablet_text_alignment=&#8221;default&#8221; phone_text_alignment=&#8221;default&#8221; column_border_width=&#8221;none&#8221; column_border_style=&#8221;solid&#8221;][nectar_btn size=&#8221;large&#8221; button_style=&#8221;regular&#8221; button_color_2=&#8221;Accent-Color&#8221; icon_family=&#8221;fontawesome&#8221; text=&#8221;Fale conosco&#8221; icon_fontawesome=&#8221;fa fa-envelope-o&#8221; url=&#8221;mailto:info@ndemario.com&#8221;][\/vc_column][\/vc_row][vc_row type=&#8221;in_container&#8221; full_screen_row_position=&#8221;middle&#8221; scene_position=&#8221;center&#8221; text_color=&#8221;dark&#8221; text_align=&#8221;left&#8221; overlay_strength=&#8221;0.3&#8243;][vc_column centered_text=&#8221;true&#8221; column_padding=&#8221;no-extra-padding&#8221; column_padding_position=&#8221;all&#8221; background_color_opacity=&#8221;1&#8243; background_hover_color_opacity=&#8221;1&#8243; column_shadow=&#8221;none&#8221; width=&#8221;1\/1&#8243; tablet_text_alignment=&#8221;default&#8221; phone_text_alignment=&#8221;default&#8221; column_border_width=&#8221;none&#8221; column_border_style=&#8221;solid&#8221;][vc_row_inner content_placement=&#8221;bottom&#8221; column_margin=&#8221;default&#8221; bottom_padding=&#8221;0%&#8221; text_align=&#8221;left&#8221;][vc_column_inner enable_animation=&#8221;true&#8221; animation=&#8221;grow-in&#8221; column_padding=&#8221;no-extra-padding&#8221; column_padding_position=&#8221;all&#8221; background_color_opacity=&#8221;1&#8243; width=&#8221;1\/3&#8243; column_border_width=&#8221;none&#8221; column_border_style=&#8221;solid&#8221;]<div class=\"team-member\" data-style=\"meta_overlaid\"><div class=\"team-member-overlay\"><\/div><a href=\"http:\/\/ndemario.com\/portugese\/named-partner-program\/\"><\/a> <div class=\"team-member-image\" style=\"background-image: url(http:\/\/ndemario.com\/portugese\/wp-content\/uploads\/2017\/08\/named-patient-supply_2-600x403.jpg);\"><\/div><div class=\"team-meta\"><h3>PROGRAMA DE PACIENTES IDENTIFICADOS<\/h3><p><p><\/div><\/div>[\/vc_column_inner][vc_column_inner enable_animation=&#8221;true&#8221; animation=&#8221;grow-in&#8221; column_padding=&#8221;no-extra-padding&#8221; column_padding_position=&#8221;all&#8221; background_color_opacity=&#8221;1&#8243; width=&#8221;1\/3&#8243; column_border_width=&#8221;none&#8221; column_border_style=&#8221;solid&#8221;]<div class=\"team-member\" data-style=\"meta_overlaid\"><div class=\"team-member-overlay\"><\/div><a href=\"http:\/\/ndemario.com\/portugese\/product-registration\/\"><\/a> <div class=\"team-member-image\" style=\"background-image: url(http:\/\/ndemario.com\/portugese\/wp-content\/uploads\/2017\/08\/product_2-600x403.jpg);\"><\/div><div class=\"team-meta\"><h3>REGISTRO DE PRODUTOS<\/h3><p><p><\/div><\/div>[\/vc_column_inner][vc_column_inner enable_animation=&#8221;true&#8221; animation=&#8221;grow-in&#8221; column_padding=&#8221;no-extra-padding&#8221; column_padding_position=&#8221;all&#8221; background_color_opacity=&#8221;1&#8243; width=&#8221;1\/3&#8243; column_border_width=&#8221;none&#8221; column_border_style=&#8221;solid&#8221;]<div class=\"team-member\" data-style=\"meta_overlaid\"><div class=\"team-member-overlay\"><\/div><a href=\"http:\/\/ndemario.com\/portugese\/partnership-agreements\/\"><\/a> <div class=\"team-member-image\" style=\"background-image: url(http:\/\/ndemario.com\/portugese\/wp-content\/uploads\/2017\/08\/partner_2-600x403.jpg);\"><\/div><div class=\"team-meta\"><h3>PARCERIAS<\/h3><p><p><\/div><\/div>[\/vc_column_inner][\/vc_row_inner][\/vc_column][\/vc_row][vc_row type=&#8221;in_container&#8221; full_screen_row_position=&#8221;middle&#8221; scene_position=&#8221;center&#8221; text_color=&#8221;dark&#8221; text_align=&#8221;left&#8221; overlay_strength=&#8221;0.3&#8243;][vc_column column_padding=&#8221;no-extra-padding&#8221; column_padding_position=&#8221;all&#8221; background_color_opacity=&#8221;1&#8243; background_hover_color_opacity=&#8221;1&#8243; column_shadow=&#8221;none&#8221; width=&#8221;1\/1&#8243; tablet_text_alignment=&#8221;default&#8221; phone_text_alignment=&#8221;default&#8221; column_border_width=&#8221;none&#8221; column_border_style=&#8221;solid&#8221;][vc_column_text][\/vc_column_text][\/vc_column][\/vc_row]\n","protected":false},"excerpt":{"rendered":"<p>[vc_row type=&#8221;full_width_content&#8221; full_screen_row_position=&#8221;top&#8221; full_height=&#8221;yes&#8221; columns_placement=&#8221;top&#8221; mouse_based_parallax_bg=&#8221;true&#8221; scene_position=&#8221;top&#8221; mouse_sensitivity=&#8221;10&#8243; text_color=&#8221;dark&#8221; text_align=&#8221;left&#8221; bottom_padding=&#8221;3%&#8221; overlay_strength=&#8221;0.3&#8243;][vc_column column_padding=&#8221;no-extra-padding&#8221; column_padding_position=&#8221;all&#8221; background_color_opacity=&#8221;1&#8243; background_hover_color_opacity=&#8221;1&#8243; column_shadow=&#8221;none&#8221; width=&#8221;1\/1&#8243; tablet_text_alignment=&#8221;default&#8221; phone_text_alignment=&#8221;default&#8221; column_border_width=&#8221;none&#8221; column_border_style=&#8221;solid&#8221;][rev_slider_vc alias=&#8221;eap&#8221;][vc_row_inner column_margin=&#8221;default&#8221; top_padding=&#8221;40&#8243; bottom_padding=&#8221;1&#8243; text_align=&#8221;center&#8221;][vc_column_inner column_padding=&#8221;padding-1-percent&#8221; column_padding_position=&#8221;all&#8221; centered_text=&#8221;true&#8221;&#8230;<\/p>\n","protected":false},"author":3,"featured_media":0,"parent":0,"menu_order":0,"comment_status":"closed","ping_status":"closed","template":"","meta":[],"yoast_head":"<!-- This site is optimized with the Yoast SEO plugin v16.7 - https:\/\/yoast.com\/wordpress\/plugins\/seo\/ -->\n<title>PROGRAMAS DE ACESSO ANTECIPADO - N De Mario &amp; Mario<\/title>\n<meta name=\"description\" content=\"Programas proporcionam acesso regulamentado, \u00e9tico e controlado a medicamentos experimentais fora dos estudos cl\u00ednicos, antes do lan\u00e7amento comercial.\" \/>\n<meta name=\"robots\" content=\"index, follow, max-snippet:-1, max-image-preview:large, max-video-preview:-1\" \/>\n<link rel=\"canonical\" href=\"http:\/\/ndemario.com\/portugese\/early-access-program\/\" \/>\n<meta property=\"og:locale\" content=\"en_GB\" \/>\n<meta property=\"og:type\" content=\"article\" \/>\n<meta property=\"og:title\" content=\"PROGRAMAS DE ACESSO ANTECIPADO - N De Mario &amp; Mario\" \/>\n<meta property=\"og:description\" content=\"Programas proporcionam acesso regulamentado, \u00e9tico e controlado a medicamentos experimentais fora dos estudos cl\u00ednicos, antes do lan\u00e7amento comercial.\" \/>\n<meta property=\"og:url\" content=\"http:\/\/ndemario.com\/portugese\/early-access-program\/\" \/>\n<meta property=\"og:site_name\" content=\"Mario\" \/>\n<meta name=\"twitter:card\" content=\"summary\" \/>\n<meta name=\"twitter:label1\" content=\"Estimated reading time\" \/>\n\t<meta name=\"twitter:data1\" content=\"4 minutes\" \/>\n<script type=\"application\/ld+json\" class=\"yoast-schema-graph\">{\"@context\":\"https:\/\/schema.org\",\"@graph\":[{\"@type\":\"WebSite\",\"@id\":\"https:\/\/ndemario.com\/portugese\/#website\",\"url\":\"https:\/\/ndemario.com\/portugese\/\",\"name\":\"Mario\",\"description\":\"N. De Mario &amp; Mario\",\"potentialAction\":[{\"@type\":\"SearchAction\",\"target\":{\"@type\":\"EntryPoint\",\"urlTemplate\":\"https:\/\/ndemario.com\/portugese\/?s={search_term_string}\"},\"query-input\":\"required name=search_term_string\"}],\"inLanguage\":\"en-GB\"},{\"@type\":\"WebPage\",\"@id\":\"http:\/\/ndemario.com\/portugese\/early-access-program\/#webpage\",\"url\":\"http:\/\/ndemario.com\/portugese\/early-access-program\/\",\"name\":\"PROGRAMAS DE ACESSO ANTECIPADO - N De Mario & Mario\",\"isPartOf\":{\"@id\":\"https:\/\/ndemario.com\/portugese\/#website\"},\"datePublished\":\"2021-04-18T15:33:45+00:00\",\"dateModified\":\"2021-04-18T15:33:45+00:00\",\"description\":\"Programas proporcionam acesso regulamentado, \\u00e9tico e controlado a medicamentos experimentais fora dos estudos cl\\u00ednicos, antes do lan\\u00e7amento comercial.\",\"breadcrumb\":{\"@id\":\"http:\/\/ndemario.com\/portugese\/early-access-program\/#breadcrumb\"},\"inLanguage\":\"en-GB\",\"potentialAction\":[{\"@type\":\"ReadAction\",\"target\":[\"http:\/\/ndemario.com\/portugese\/early-access-program\/\"]}]},{\"@type\":\"BreadcrumbList\",\"@id\":\"http:\/\/ndemario.com\/portugese\/early-access-program\/#breadcrumb\",\"itemListElement\":[{\"@type\":\"ListItem\",\"position\":1,\"name\":\"Home\",\"item\":\"https:\/\/ndemario.com\/portugese\/\"},{\"@type\":\"ListItem\",\"position\":2,\"name\":\"PROGRAMAS DE ACESSO ANTECIPADO\"}]}]}<\/script>\n<!-- \/ Yoast SEO plugin. -->","yoast_head_json":{"title":"PROGRAMAS DE ACESSO ANTECIPADO - N De Mario & Mario","description":"Programas proporcionam acesso regulamentado, \u00e9tico e controlado a medicamentos experimentais fora dos estudos cl\u00ednicos, antes do lan\u00e7amento comercial.","robots":{"index":"index","follow":"follow","max-snippet":"max-snippet:-1","max-image-preview":"max-image-preview:large","max-video-preview":"max-video-preview:-1"},"canonical":"http:\/\/ndemario.com\/portugese\/early-access-program\/","og_locale":"en_GB","og_type":"article","og_title":"PROGRAMAS DE ACESSO ANTECIPADO - N De Mario & Mario","og_description":"Programas proporcionam acesso regulamentado, \u00e9tico e controlado a medicamentos experimentais fora dos estudos cl\u00ednicos, antes do lan\u00e7amento comercial.","og_url":"http:\/\/ndemario.com\/portugese\/early-access-program\/","og_site_name":"Mario","twitter_card":"summary","twitter_misc":{"Estimated reading time":"4 minutes"},"schema":{"@context":"https:\/\/schema.org","@graph":[{"@type":"WebSite","@id":"https:\/\/ndemario.com\/portugese\/#website","url":"https:\/\/ndemario.com\/portugese\/","name":"Mario","description":"N. De Mario &amp; Mario","potentialAction":[{"@type":"SearchAction","target":{"@type":"EntryPoint","urlTemplate":"https:\/\/ndemario.com\/portugese\/?s={search_term_string}"},"query-input":"required name=search_term_string"}],"inLanguage":"en-GB"},{"@type":"WebPage","@id":"http:\/\/ndemario.com\/portugese\/early-access-program\/#webpage","url":"http:\/\/ndemario.com\/portugese\/early-access-program\/","name":"PROGRAMAS DE ACESSO ANTECIPADO - N De Mario & Mario","isPartOf":{"@id":"https:\/\/ndemario.com\/portugese\/#website"},"datePublished":"2021-04-18T15:33:45+00:00","dateModified":"2021-04-18T15:33:45+00:00","description":"Programas proporcionam acesso regulamentado, \u00e9tico e controlado a medicamentos experimentais fora dos estudos cl\u00ednicos, antes do lan\u00e7amento comercial.","breadcrumb":{"@id":"http:\/\/ndemario.com\/portugese\/early-access-program\/#breadcrumb"},"inLanguage":"en-GB","potentialAction":[{"@type":"ReadAction","target":["http:\/\/ndemario.com\/portugese\/early-access-program\/"]}]},{"@type":"BreadcrumbList","@id":"http:\/\/ndemario.com\/portugese\/early-access-program\/#breadcrumb","itemListElement":[{"@type":"ListItem","position":1,"name":"Home","item":"https:\/\/ndemario.com\/portugese\/"},{"@type":"ListItem","position":2,"name":"PROGRAMAS DE ACESSO ANTECIPADO"}]}]}},"_links":{"self":[{"href":"http:\/\/ndemario.com\/portugese\/wp-json\/wp\/v2\/pages\/3513"}],"collection":[{"href":"http:\/\/ndemario.com\/portugese\/wp-json\/wp\/v2\/pages"}],"about":[{"href":"http:\/\/ndemario.com\/portugese\/wp-json\/wp\/v2\/types\/page"}],"author":[{"embeddable":true,"href":"http:\/\/ndemario.com\/portugese\/wp-json\/wp\/v2\/users\/3"}],"replies":[{"embeddable":true,"href":"http:\/\/ndemario.com\/portugese\/wp-json\/wp\/v2\/comments?post=3513"}],"version-history":[{"count":4,"href":"http:\/\/ndemario.com\/portugese\/wp-json\/wp\/v2\/pages\/3513\/revisions"}],"predecessor-version":[{"id":3517,"href":"http:\/\/ndemario.com\/portugese\/wp-json\/wp\/v2\/pages\/3513\/revisions\/3517"}],"wp:attachment":[{"href":"http:\/\/ndemario.com\/portugese\/wp-json\/wp\/v2\/media?parent=3513"}],"curies":[{"name":"wp","href":"https:\/\/api.w.org\/{rel}","templated":true}]}}