{"id":3201,"date":"2017-07-28T17:32:07","date_gmt":"2017-07-28T16:32:07","guid":{"rendered":"http:\/\/ndemario.com\/portugese\/?page_id=3201"},"modified":"2021-04-13T22:37:42","modified_gmt":"2021-04-13T21:37:42","slug":"product-registration","status":"publish","type":"page","link":"http:\/\/ndemario.com\/portugese\/product-registration\/","title":{"rendered":"REGISTRO DE PRODUTOS"},"content":{"rendered":"[vc_row type=&#8221;full_width_content&#8221; full_screen_row_position=&#8221;top&#8221; full_height=&#8221;yes&#8221; columns_placement=&#8221;top&#8221; mouse_based_parallax_bg=&#8221;true&#8221; scene_position=&#8221;top&#8221; mouse_sensitivity=&#8221;10&#8243; text_color=&#8221;dark&#8221; text_align=&#8221;left&#8221; bottom_padding=&#8221;0.5%&#8221; overlay_strength=&#8221;0.3&#8243;][vc_column column_padding=&#8221;no-extra-padding&#8221; column_padding_position=&#8221;all&#8221; background_color_opacity=&#8221;1&#8243; background_hover_color_opacity=&#8221;1&#8243; column_shadow=&#8221;none&#8221; width=&#8221;1\/1&#8243; tablet_text_alignment=&#8221;default&#8221; phone_text_alignment=&#8221;default&#8221; column_border_width=&#8221;none&#8221; column_border_style=&#8221;solid&#8221;][rev_slider_vc alias=&#8221;product&#8221;][vc_row_inner column_margin=&#8221;default&#8221; top_padding=&#8221;40&#8243; text_align=&#8221;center&#8221;][vc_column_inner column_padding=&#8221;padding-1-percent&#8221; column_padding_position=&#8221;all&#8221; centered_text=&#8221;true&#8221; background_color_opacity=&#8221;1&#8243; width=&#8221;1\/1&#8243; column_border_width=&#8221;none&#8221; column_border_style=&#8221;solid&#8221;][vc_column_text css_animation=&#8221;fadeInDown&#8221; max_width=&#8221;800&#8243;]\n<h3 style=\"text-align: left;\">A N De Mario &amp; Mario Limited oferece uma solu\u00e7\u00e3o abrangente para o registro de produtos, para aumentar a demanda internacional por medicamentos novos e estabelecidos em seu mercado de escolha.<\/h3>\n[\/vc_column_text]<div class=\"divider-wrap\"><div style=\"margin-top: 25px; width: 800px; height: 2px; margin-bottom: 25px;\" data-width=\"800\" data-animate=\"yes\" data-animation-delay=\"\" data-color=\"extra-color-1\" class=\"divider-small-border\"><\/div><\/div>[vc_column_text css_animation=&#8221;fadeInDown&#8221; max_width=&#8221;800&#8243;]\n<p style=\"text-align: left;\">Nossa especialidade \u00e9 o registro de medicamentos comerciais nos principais territ\u00f3rios emergentes, onde temos contatos e parceiros locais especializados com conhecimentos s\u00f3lidos sobre as leis, processos e requisitos das autoridades locais.<\/p>\n<p style=\"text-align: left;\"><strong>Nosso pacote de servi\u00e7os completo abrange o seguinte:<\/strong><\/p>\n<p style=\"text-align: left;\">&#8211; Introdu\u00e7\u00e3o em novos territ\u00f3rios, clientes, contatos e parceiros de confian\u00e7a;<br \/>\n&#8211; Acesso a setores do governo local, \u00f3rg\u00e3os respons\u00e1veis por autoriza\u00e7\u00f5es e todas as institui\u00e7\u00f5es necess\u00e1rias;<br \/>\n&#8211; Registro do seu produto nos mercados escolhidos;<br \/>\n&#8211; Comercializa\u00e7\u00e3o e promo\u00e7\u00e3o dos seus produtos atrav\u00e9s de nossa ampla rede consolidada;<br \/>\n&#8211; Log\u00edstica integral do processo de distribui\u00e7\u00e3o.<\/p>\n<p style=\"text-align: left;\"><strong>Para tratar do registro de produtos, ligue para +44 (0) 208 732 5427<\/strong><\/p>\n[\/vc_column_text]<div class=\"divider-wrap\"><div style=\"margin-top: 25px; width: 800px; height: 2px; margin-bottom: 25px;\" data-width=\"800\" data-animate=\"yes\" data-animation-delay=\"\" data-color=\"extra-color-1\" class=\"divider-small-border\"><\/div><\/div>[\/vc_column_inner][\/vc_row_inner][\/vc_column][\/vc_row][vc_row type=&#8221;in_container&#8221; full_screen_row_position=&#8221;middle&#8221; scene_position=&#8221;center&#8221; text_color=&#8221;dark&#8221; text_align=&#8221;center&#8221; overlay_strength=&#8221;0.3&#8243;][vc_column column_padding=&#8221;no-extra-padding&#8221; column_padding_position=&#8221;all&#8221; background_color_opacity=&#8221;1&#8243; background_hover_color_opacity=&#8221;1&#8243; column_shadow=&#8221;none&#8221; width=&#8221;1\/1&#8243; tablet_text_alignment=&#8221;default&#8221; phone_text_alignment=&#8221;default&#8221; column_border_width=&#8221;none&#8221; column_border_style=&#8221;solid&#8221;][nectar_btn size=&#8221;large&#8221; button_style=&#8221;regular&#8221; button_color_2=&#8221;Accent-Color&#8221; icon_family=&#8221;fontawesome&#8221; text=&#8221;Fale conosco&#8221; icon_fontawesome=&#8221;fa fa-envelope-o&#8221; url=&#8221;mailto:info@ndemario.com&#8221;][\/vc_column][\/vc_row][vc_row type=&#8221;in_container&#8221; full_screen_row_position=&#8221;middle&#8221; scene_position=&#8221;center&#8221; text_color=&#8221;dark&#8221; text_align=&#8221;left&#8221; overlay_strength=&#8221;0.3&#8243;][vc_column centered_text=&#8221;true&#8221; column_padding=&#8221;no-extra-padding&#8221; column_padding_position=&#8221;all&#8221; background_color_opacity=&#8221;1&#8243; background_hover_color_opacity=&#8221;1&#8243; column_shadow=&#8221;none&#8221; width=&#8221;1\/1&#8243; tablet_text_alignment=&#8221;default&#8221; phone_text_alignment=&#8221;default&#8221; column_border_width=&#8221;none&#8221; column_border_style=&#8221;solid&#8221;][vc_row_inner content_placement=&#8221;bottom&#8221; column_margin=&#8221;default&#8221; bottom_padding=&#8221;0%&#8221; text_align=&#8221;left&#8221;][vc_column_inner enable_animation=&#8221;true&#8221; animation=&#8221;grow-in&#8221; column_padding=&#8221;no-extra-padding&#8221; column_padding_position=&#8221;all&#8221; background_color_opacity=&#8221;1&#8243; width=&#8221;1\/3&#8243; column_border_width=&#8221;none&#8221; column_border_style=&#8221;solid&#8221;]<div class=\"team-member\" data-style=\"meta_overlaid\"><div class=\"team-member-overlay\"><\/div><a href=\"http:\/\/ndemario.com\/portugese\/named-partner-program\/\"><\/a> <div class=\"team-member-image\" style=\"background-image: url(http:\/\/ndemario.com\/portugese\/wp-content\/uploads\/2017\/08\/named-patient-supply_2-600x403.jpg);\"><\/div><div class=\"team-meta\"><h3>PROGRAMA DE PACIENTES IDENTIFICADOS<\/h3><p><p><\/div><\/div>[\/vc_column_inner][vc_column_inner enable_animation=&#8221;true&#8221; animation=&#8221;grow-in&#8221; column_padding=&#8221;no-extra-padding&#8221; column_padding_position=&#8221;all&#8221; background_color_opacity=&#8221;1&#8243; width=&#8221;1\/3&#8243; column_border_width=&#8221;none&#8221; column_border_style=&#8221;solid&#8221;]<div class=\"team-member\" data-style=\"meta_overlaid\"><div class=\"team-member-overlay\"><\/div><a href=\"http:\/\/ndemario.com\/portugese\/product-registration\/\"><\/a> <div class=\"team-member-image\" style=\"background-image: url(http:\/\/ndemario.com\/portugese\/wp-content\/uploads\/2017\/08\/product_2-600x403.jpg);\"><\/div><div class=\"team-meta\"><h3>REGISTRO DE PRODUTOS<\/h3><p><p><\/div><\/div>[\/vc_column_inner][vc_column_inner enable_animation=&#8221;true&#8221; animation=&#8221;grow-in&#8221; column_padding=&#8221;no-extra-padding&#8221; column_padding_position=&#8221;all&#8221; background_color_opacity=&#8221;1&#8243; width=&#8221;1\/3&#8243; column_border_width=&#8221;none&#8221; column_border_style=&#8221;solid&#8221;]<div class=\"team-member\" data-style=\"meta_overlaid\"><div class=\"team-member-overlay\"><\/div><a href=\"http:\/\/ndemario.com\/portugese\/partnership-agreements\/\"><\/a> <div class=\"team-member-image\" style=\"background-image: url(http:\/\/ndemario.com\/portugese\/wp-content\/uploads\/2017\/08\/partner_2-600x403.jpg);\"><\/div><div class=\"team-meta\"><h3>PARCERIAS<\/h3><p><p><\/div><\/div>[\/vc_column_inner][\/vc_row_inner][\/vc_column][\/vc_row]\n","protected":false},"excerpt":{"rendered":"<p>[vc_row type=&#8221;full_width_content&#8221; full_screen_row_position=&#8221;top&#8221; full_height=&#8221;yes&#8221; columns_placement=&#8221;top&#8221; mouse_based_parallax_bg=&#8221;true&#8221; scene_position=&#8221;top&#8221; mouse_sensitivity=&#8221;10&#8243; text_color=&#8221;dark&#8221; text_align=&#8221;left&#8221; bottom_padding=&#8221;0.5%&#8221; overlay_strength=&#8221;0.3&#8243;][vc_column column_padding=&#8221;no-extra-padding&#8221; column_padding_position=&#8221;all&#8221; background_color_opacity=&#8221;1&#8243; background_hover_color_opacity=&#8221;1&#8243; column_shadow=&#8221;none&#8221; width=&#8221;1\/1&#8243; tablet_text_alignment=&#8221;default&#8221; phone_text_alignment=&#8221;default&#8221; column_border_width=&#8221;none&#8221; column_border_style=&#8221;solid&#8221;][rev_slider_vc alias=&#8221;product&#8221;][vc_row_inner column_margin=&#8221;default&#8221; top_padding=&#8221;40&#8243; text_align=&#8221;center&#8221;][vc_column_inner column_padding=&#8221;padding-1-percent&#8221; column_padding_position=&#8221;all&#8221; centered_text=&#8221;true&#8221; background_color_opacity=&#8221;1&#8243;&#8230;<\/p>\n","protected":false},"author":1,"featured_media":0,"parent":0,"menu_order":0,"comment_status":"closed","ping_status":"closed","template":"","meta":[],"yoast_head":"<!-- This site is optimized with the Yoast SEO plugin v16.7 - https:\/\/yoast.com\/wordpress\/plugins\/seo\/ -->\n<title>REGISTRO DE PRODUTOS - N De Mario &amp; Mario<\/title>\n<meta name=\"description\" content=\"solu\u00e7\u00e3o abrangente para o registro de produtos, para aumentar a demanda internacional por medicamentos novos e estabelecidos em seu mercado de escolha.\" \/>\n<meta name=\"robots\" content=\"index, follow, max-snippet:-1, max-image-preview:large, max-video-preview:-1\" \/>\n<link rel=\"canonical\" href=\"https:\/\/ndemario.com\/portugese\/product-registration\/\" \/>\n<meta property=\"og:locale\" content=\"en_GB\" \/>\n<meta property=\"og:type\" content=\"article\" \/>\n<meta property=\"og:title\" content=\"REGISTRO DE PRODUTOS - N De Mario &amp; Mario\" \/>\n<meta property=\"og:description\" content=\"solu\u00e7\u00e3o abrangente para o registro de produtos, para aumentar a demanda internacional por medicamentos novos e estabelecidos em seu mercado de escolha.\" \/>\n<meta property=\"og:url\" content=\"https:\/\/ndemario.com\/portugese\/product-registration\/\" \/>\n<meta property=\"og:site_name\" content=\"Mario\" \/>\n<meta property=\"article:modified_time\" content=\"2021-04-13T21:37:42+00:00\" \/>\n<meta name=\"twitter:card\" content=\"summary\" \/>\n<meta name=\"twitter:label1\" content=\"Estimated reading time\" \/>\n\t<meta name=\"twitter:data1\" content=\"3 minutes\" \/>\n<script type=\"application\/ld+json\" class=\"yoast-schema-graph\">{\"@context\":\"https:\/\/schema.org\",\"@graph\":[{\"@type\":\"WebSite\",\"@id\":\"http:\/\/ndemario.com\/portugese\/#website\",\"url\":\"http:\/\/ndemario.com\/portugese\/\",\"name\":\"Mario\",\"description\":\"N. De Mario &amp; Mario\",\"potentialAction\":[{\"@type\":\"SearchAction\",\"target\":{\"@type\":\"EntryPoint\",\"urlTemplate\":\"http:\/\/ndemario.com\/portugese\/?s={search_term_string}\"},\"query-input\":\"required name=search_term_string\"}],\"inLanguage\":\"en-GB\"},{\"@type\":\"WebPage\",\"@id\":\"https:\/\/ndemario.com\/portugese\/product-registration\/#webpage\",\"url\":\"https:\/\/ndemario.com\/portugese\/product-registration\/\",\"name\":\"REGISTRO DE PRODUTOS - N De Mario & Mario\",\"isPartOf\":{\"@id\":\"http:\/\/ndemario.com\/portugese\/#website\"},\"datePublished\":\"2017-07-28T16:32:07+00:00\",\"dateModified\":\"2021-04-13T21:37:42+00:00\",\"description\":\"solu\\u00e7\\u00e3o abrangente para o registro de produtos, para aumentar a demanda internacional por medicamentos novos e estabelecidos em seu mercado de escolha.\",\"breadcrumb\":{\"@id\":\"https:\/\/ndemario.com\/portugese\/product-registration\/#breadcrumb\"},\"inLanguage\":\"en-GB\",\"potentialAction\":[{\"@type\":\"ReadAction\",\"target\":[\"https:\/\/ndemario.com\/portugese\/product-registration\/\"]}]},{\"@type\":\"BreadcrumbList\",\"@id\":\"https:\/\/ndemario.com\/portugese\/product-registration\/#breadcrumb\",\"itemListElement\":[{\"@type\":\"ListItem\",\"position\":1,\"name\":\"Home\",\"item\":\"http:\/\/ndemario.com\/portugese\/\"},{\"@type\":\"ListItem\",\"position\":2,\"name\":\"REGISTRO DE PRODUTOS\"}]}]}<\/script>\n<!-- \/ Yoast SEO plugin. -->","yoast_head_json":{"title":"REGISTRO DE PRODUTOS - N De Mario & Mario","description":"solu\u00e7\u00e3o abrangente para o registro de produtos, para aumentar a demanda internacional por medicamentos novos e estabelecidos em seu mercado de escolha.","robots":{"index":"index","follow":"follow","max-snippet":"max-snippet:-1","max-image-preview":"max-image-preview:large","max-video-preview":"max-video-preview:-1"},"canonical":"https:\/\/ndemario.com\/portugese\/product-registration\/","og_locale":"en_GB","og_type":"article","og_title":"REGISTRO DE PRODUTOS - N De Mario & Mario","og_description":"solu\u00e7\u00e3o abrangente para o registro de produtos, para aumentar a demanda internacional por medicamentos novos e estabelecidos em seu mercado de escolha.","og_url":"https:\/\/ndemario.com\/portugese\/product-registration\/","og_site_name":"Mario","article_modified_time":"2021-04-13T21:37:42+00:00","twitter_card":"summary","twitter_misc":{"Estimated reading time":"3 minutes"},"schema":{"@context":"https:\/\/schema.org","@graph":[{"@type":"WebSite","@id":"http:\/\/ndemario.com\/portugese\/#website","url":"http:\/\/ndemario.com\/portugese\/","name":"Mario","description":"N. De Mario &amp; Mario","potentialAction":[{"@type":"SearchAction","target":{"@type":"EntryPoint","urlTemplate":"http:\/\/ndemario.com\/portugese\/?s={search_term_string}"},"query-input":"required name=search_term_string"}],"inLanguage":"en-GB"},{"@type":"WebPage","@id":"https:\/\/ndemario.com\/portugese\/product-registration\/#webpage","url":"https:\/\/ndemario.com\/portugese\/product-registration\/","name":"REGISTRO DE PRODUTOS - N De Mario & Mario","isPartOf":{"@id":"http:\/\/ndemario.com\/portugese\/#website"},"datePublished":"2017-07-28T16:32:07+00:00","dateModified":"2021-04-13T21:37:42+00:00","description":"solu\u00e7\u00e3o abrangente para o registro de produtos, para aumentar a demanda internacional por medicamentos novos e estabelecidos em seu mercado de escolha.","breadcrumb":{"@id":"https:\/\/ndemario.com\/portugese\/product-registration\/#breadcrumb"},"inLanguage":"en-GB","potentialAction":[{"@type":"ReadAction","target":["https:\/\/ndemario.com\/portugese\/product-registration\/"]}]},{"@type":"BreadcrumbList","@id":"https:\/\/ndemario.com\/portugese\/product-registration\/#breadcrumb","itemListElement":[{"@type":"ListItem","position":1,"name":"Home","item":"http:\/\/ndemario.com\/portugese\/"},{"@type":"ListItem","position":2,"name":"REGISTRO DE PRODUTOS"}]}]}},"_links":{"self":[{"href":"http:\/\/ndemario.com\/portugese\/wp-json\/wp\/v2\/pages\/3201"}],"collection":[{"href":"http:\/\/ndemario.com\/portugese\/wp-json\/wp\/v2\/pages"}],"about":[{"href":"http:\/\/ndemario.com\/portugese\/wp-json\/wp\/v2\/types\/page"}],"author":[{"embeddable":true,"href":"http:\/\/ndemario.com\/portugese\/wp-json\/wp\/v2\/users\/1"}],"replies":[{"embeddable":true,"href":"http:\/\/ndemario.com\/portugese\/wp-json\/wp\/v2\/comments?post=3201"}],"version-history":[{"count":22,"href":"http:\/\/ndemario.com\/portugese\/wp-json\/wp\/v2\/pages\/3201\/revisions"}],"predecessor-version":[{"id":3499,"href":"http:\/\/ndemario.com\/portugese\/wp-json\/wp\/v2\/pages\/3201\/revisions\/3499"}],"wp:attachment":[{"href":"http:\/\/ndemario.com\/portugese\/wp-json\/wp\/v2\/media?parent=3201"}],"curies":[{"name":"wp","href":"https:\/\/api.w.org\/{rel}","templated":true}]}}